{"id":58,"date":"2018-11-13T06:22:53","date_gmt":"2018-11-13T06:22:53","guid":{"rendered":"http:\/\/drevotvarka.cz\/?page_id=58"},"modified":"2021-03-23T09:36:34","modified_gmt":"2021-03-23T09:36:34","slug":"stredisko","status":"publish","type":"page","link":"https:\/\/drevotvarka.cz\/","title":{"rendered":"St\u0159edisko"},"content":{"rendered":"<p><em>St\u0159edisko je p\u0159edev\u0161\u00edm vyu\u017e\u00edv\u00e1no pro <strong>\u0161koly v p\u0159\u00edrod\u011b, \u0161koln\u00ed v\u00fdlety<\/strong>, <strong>t\u00e1bory<\/strong>, rodinn\u00e9 rekreace, outdoorov\u00e9 akce pro firmy, individu\u00e1ln\u00ed anima\u010dn\u00ed programy.<\/em><\/p>\n<p><em>Rekrea\u010dn\u00ed st\u0159edisko D\u0159evotvarka se nach\u00e1z\u00ed v n\u00e1dhern\u00e9 p\u0159\u00edrod\u011b <strong>CHKO Podyj\u00ed p\u0159\u00edmo u \u0159eky Dyje<\/strong>, v lesn\u00edm prost\u0159ed\u00ed, nedaleko obce Podhrad\u00ed nad Dyj\u00ed. <br><\/em><\/p>\n<p><em>St\u0159edisko fungovalo dlouh\u00e1 l\u00e9ta jako podnikov\u00e9 rekrea\u010dn\u00ed za\u0159\u00edzen\u00ed st\u00e1tn\u00edho podniku D\u0159evotvar.<\/em><\/p>\n<p><em>Za\u0159\u00edzen\u00ed m\u00e1 maxim\u00e1ln\u00ed kapacitu 120 osob. <strong>M\u00e1me 25 kr\u00e1sn\u00fdch chati\u010dek<\/strong>, kter\u00e9 je v p\u0159\u00edpad\u011b chladn\u00e9ho po\u010das\u00ed mo\u017en\u00e9 vyt\u00e1p\u011bt. Nesm\u00edme opomenout tak\u00e9 <strong>dva sruby s kapacitou 16 l\u016f\u017eek <\/strong>a s verandami k posezen\u00ed.<\/em><\/p>\n<p><em>Uprost\u0159ed are\u00e1lu se nach\u00e1z\u00ed <strong>hlavn\u00ed zd\u011bn\u00e1 budova<\/strong>, kde je kuchyn\u011b, j\u00eddelna s kapacitou 100 m\u00edst (lze ji vyu\u017e\u00edvat jako spole\u010denskou m\u00edstnost vybavenou projektorem a disko efekty), terasa s dal\u0161\u00edmi stoly a stolem pro ping-pong, <strong>o\u0161et\u0159ovna, sprchy a tak\u00e9 \u00fatuln\u00e1 vin\u00e1rna s&nbsp;mal\u00fdm barem. <br><\/strong><\/em><\/p>\n<p><em>K are\u00e1lu n\u00e1le\u017e\u00ed dv\u011b <strong>volejbalov\u00e1 h\u0159i\u0161t\u011b <\/strong>z&nbsp;toho jedno na <strong>beach volejbal a velk\u00e9 h\u0159i\u0161t\u011b na fotbal<\/strong>. Jak ji\u017e bylo zm\u00edn\u011bno, st\u0159edisko se nach\u00e1z\u00ed u \u0159eky, proto nab\u00edz\u00edme <strong>k zap\u016fj\u010den\u00ed veslice<\/strong>. M\u00e1me v\u0161ak tak\u00e9 <strong>baz\u00e9n, lezeckou st\u011bnu, opi\u010d\u00ed dr\u00e1hu a ohni\u0161t\u011b<\/strong>. <\/em><\/p>\n\n\n<p><\/p>\n","protected":false},"excerpt":{"rendered":"<p>St\u0159edisko je p\u0159edev\u0161\u00edm vyu\u017e\u00edv\u00e1no pro \u0161koly v p\u0159\u00edrod\u011b, \u0161koln\u00ed v\u00fdlety, t\u00e1bory, rodinn\u00e9 rekreace, outdoorov\u00e9 akce pro firmy, individu\u00e1ln\u00ed anima\u010dn\u00ed programy. Rekrea\u010dn\u00ed st\u0159edisko D\u0159evotvarka se nach\u00e1z\u00ed v n\u00e1dhern\u00e9 p\u0159\u00edrod\u011b CHKO Podyj\u00ed p\u0159\u00edmo u \u0159eky Dyje, v lesn\u00edm prost\u0159ed\u00ed, nedaleko obce Podhrad\u00ed nad Dyj\u00ed. St\u0159edisko fungovalo dlouh\u00e1 l\u00e9ta jako podnikov\u00e9 rekrea\u010dn\u00ed za\u0159\u00edzen\u00ed st\u00e1tn\u00edho podniku D\u0159evotvar. Za\u0159\u00edzen\u00ed m\u00e1\n <a href=\"https:\/\/drevotvarka.cz\/\" class=\"read-more inline\">Read More<\/a><\/p>","protected":false},"author":1,"featured_media":0,"parent":0,"menu_order":0,"comment_status":"closed","ping_status":"closed","template":"","meta":{"ngg_post_thumbnail":0},"_links":{"self":[{"href":"https:\/\/drevotvarka.cz\/index.php?rest_route=\/wp\/v2\/pages\/58"}],"collection":[{"href":"https:\/\/drevotvarka.cz\/index.php?rest_route=\/wp\/v2\/pages"}],"about":[{"href":"https:\/\/drevotvarka.cz\/index.php?rest_route=\/wp\/v2\/types\/page"}],"author":[{"embeddable":true,"href":"https:\/\/drevotvarka.cz\/index.php?rest_route=\/wp\/v2\/users\/1"}],"replies":[{"embeddable":true,"href":"https:\/\/drevotvarka.cz\/index.php?rest_route=%2Fwp%2Fv2%2Fcomments&post=58"}],"version-history":[{"count":9,"href":"https:\/\/drevotvarka.cz\/index.php?rest_route=\/wp\/v2\/pages\/58\/revisions"}],"predecessor-version":[{"id":442,"href":"https:\/\/drevotvarka.cz\/index.php?rest_route=\/wp\/v2\/pages\/58\/revisions\/442"}],"wp:attachment":[{"href":"https:\/\/drevotvarka.cz\/index.php?rest_route=%2Fwp%2Fv2%2Fmedia&parent=58"}],"curies":[{"name":"wp","href":"https:\/\/api.w.org\/{rel}","templated":true}]}}