{"id":431,"date":"2021-02-18T17:59:41","date_gmt":"2021-02-18T17:59:41","guid":{"rendered":"http:\/\/drevotvarka.cz\/?page_id=431"},"modified":"2021-02-18T18:16:20","modified_gmt":"2021-02-18T18:16:20","slug":"strava","status":"publish","type":"page","link":"https:\/\/drevotvarka.cz\/?page_id=431","title":{"rendered":"Strava"},"content":{"rendered":"\n<p><strong><em>zp\u016fsob stravy \u2013 je mo\u017en\u00e1 pouze pln\u00e1 penze<\/em><\/strong><\/p>\n","protected":false},"excerpt":{"rendered":"<p>zp\u016fsob stravy \u2013 je mo\u017en\u00e1 pouze pln\u00e1 penze\n <a href=\"https:\/\/drevotvarka.cz\/?page_id=431\" class=\"read-more inline\">Read More<\/a><\/p>","protected":false},"author":1,"featured_media":0,"parent":0,"menu_order":2,"comment_status":"closed","ping_status":"closed","template":"","meta":{"ngg_post_thumbnail":0},"_links":{"self":[{"href":"https:\/\/drevotvarka.cz\/index.php?rest_route=\/wp\/v2\/pages\/431"}],"collection":[{"href":"https:\/\/drevotvarka.cz\/index.php?rest_route=\/wp\/v2\/pages"}],"about":[{"href":"https:\/\/drevotvarka.cz\/index.php?rest_route=\/wp\/v2\/types\/page"}],"author":[{"embeddable":true,"href":"https:\/\/drevotvarka.cz\/index.php?rest_route=\/wp\/v2\/users\/1"}],"replies":[{"embeddable":true,"href":"https:\/\/drevotvarka.cz\/index.php?rest_route=%2Fwp%2Fv2%2Fcomments&post=431"}],"version-history":[{"count":2,"href":"https:\/\/drevotvarka.cz\/index.php?rest_route=\/wp\/v2\/pages\/431\/revisions"}],"predecessor-version":[{"id":433,"href":"https:\/\/drevotvarka.cz\/index.php?rest_route=\/wp\/v2\/pages\/431\/revisions\/433"}],"wp:attachment":[{"href":"https:\/\/drevotvarka.cz\/index.php?rest_route=%2Fwp%2Fv2%2Fmedia&parent=431"}],"curies":[{"name":"wp","href":"https:\/\/api.w.org\/{rel}","templated":true}]}}