{"id":435,"date":"2021-02-18T18:25:07","date_gmt":"2021-02-18T18:25:07","guid":{"rendered":"http:\/\/drevotvarka.cz\/?page_id=435"},"modified":"2021-03-23T09:56:49","modified_gmt":"2021-03-23T09:56:49","slug":"sluzby","status":"publish","type":"page","link":"http:\/\/drevotvarka.cz\/?page_id=435","title":{"rendered":"Slu\u017eby"},"content":{"rendered":"\n<p><a href=\"https:\/\/www.google.com\/url?sa=t&amp;rct=j&amp;q=&amp;esrc=s&amp;source=web&amp;cd=&amp;cad=rja&amp;uact=8&amp;ved=2ahUKEwiayuOqksbvAhVqxIsKHSxFBuwQFjAAegQIAhAD&amp;url=https%3A%2F%2Fis.muni.cz%2Fth%2Fjufv0%2FVerejna_cast-_Realizace_animacnich_programu_spolecnosti_BeeFree-_finalni.pdf&amp;usg=AOvVaw345TwVdecX2UQLNcUo-mc5\"><br><\/a><\/p>\n\n\n\n<p><\/p>\n\n\n\n<p>realizace anima\u010d\u00edch program\u016f<\/p>\n\n\n\n<p>realizace adapta\u010dn\u00edch kurz\u016f<\/p>\n","protected":false},"excerpt":{"rendered":"<p>realizace anima\u010d\u00edch program\u016f realizace adapta\u010dn\u00edch kurz\u016f\n <a href=\"http:\/\/drevotvarka.cz\/?page_id=435\" class=\"read-more inline\">Read More<\/a><\/p>","protected":false},"author":1,"featured_media":0,"parent":0,"menu_order":3,"comment_status":"closed","ping_status":"closed","template":"","meta":{"ngg_post_thumbnail":0},"_links":{"self":[{"href":"http:\/\/drevotvarka.cz\/index.php?rest_route=\/wp\/v2\/pages\/435"}],"collection":[{"href":"http:\/\/drevotvarka.cz\/index.php?rest_route=\/wp\/v2\/pages"}],"about":[{"href":"http:\/\/drevotvarka.cz\/index.php?rest_route=\/wp\/v2\/types\/page"}],"author":[{"embeddable":true,"href":"http:\/\/drevotvarka.cz\/index.php?rest_route=\/wp\/v2\/users\/1"}],"replies":[{"embeddable":true,"href":"http:\/\/drevotvarka.cz\/index.php?rest_route=%2Fwp%2Fv2%2Fcomments&post=435"}],"version-history":[{"count":2,"href":"http:\/\/drevotvarka.cz\/index.php?rest_route=\/wp\/v2\/pages\/435\/revisions"}],"predecessor-version":[{"id":447,"href":"http:\/\/drevotvarka.cz\/index.php?rest_route=\/wp\/v2\/pages\/435\/revisions\/447"}],"wp:attachment":[{"href":"http:\/\/drevotvarka.cz\/index.php?rest_route=%2Fwp%2Fv2%2Fmedia&parent=435"}],"curies":[{"name":"wp","href":"https:\/\/api.w.org\/{rel}","templated":true}]}}