{"id":428,"date":"2021-02-18T17:52:54","date_gmt":"2021-02-18T17:52:54","guid":{"rendered":"http:\/\/drevotvarka.cz\/?page_id=428"},"modified":"2021-02-18T18:29:03","modified_gmt":"2021-02-18T18:29:03","slug":"ubytovani","status":"publish","type":"page","link":"http:\/\/drevotvarka.cz\/?page_id=428","title":{"rendered":"Ubytov\u00e1n\u00ed"},"content":{"rendered":"\n<p><strong><em>Za\u0159\u00edzen\u00ed m\u00e1 maxim\u00e1ln\u00ed kapacitu 120 osob. <strong>M\u00e1me 25 kr\u00e1sn\u00fdch chati\u010dek<\/strong>, kter\u00e9 je v p\u0159\u00edpad\u011b chladn\u00e9ho po\u010das\u00ed mo\u017en\u00e9 vyt\u00e1p\u011bt. Nesm\u00edme opomenout tak\u00e9 <strong>dva sruby s kapacitou 16 l\u016f\u017eek <\/strong>a s verandami k posezen\u00ed.<\/em><\/strong><\/p>\n","protected":false},"excerpt":{"rendered":"<p>Za\u0159\u00edzen\u00ed m\u00e1 maxim\u00e1ln\u00ed kapacitu 120 osob. M\u00e1me 25 kr\u00e1sn\u00fdch chati\u010dek, kter\u00e9 je v p\u0159\u00edpad\u011b chladn\u00e9ho po\u010das\u00ed mo\u017en\u00e9 vyt\u00e1p\u011bt. Nesm\u00edme opomenout tak\u00e9 dva sruby s kapacitou 16 l\u016f\u017eek a s verandami k posezen\u00ed.\n <a href=\"http:\/\/drevotvarka.cz\/?page_id=428\" class=\"read-more inline\">Read More<\/a><\/p>","protected":false},"author":1,"featured_media":0,"parent":0,"menu_order":1,"comment_status":"closed","ping_status":"closed","template":"","meta":{"ngg_post_thumbnail":0},"_links":{"self":[{"href":"http:\/\/drevotvarka.cz\/index.php?rest_route=\/wp\/v2\/pages\/428"}],"collection":[{"href":"http:\/\/drevotvarka.cz\/index.php?rest_route=\/wp\/v2\/pages"}],"about":[{"href":"http:\/\/drevotvarka.cz\/index.php?rest_route=\/wp\/v2\/types\/page"}],"author":[{"embeddable":true,"href":"http:\/\/drevotvarka.cz\/index.php?rest_route=\/wp\/v2\/users\/1"}],"replies":[{"embeddable":true,"href":"http:\/\/drevotvarka.cz\/index.php?rest_route=%2Fwp%2Fv2%2Fcomments&post=428"}],"version-history":[{"count":2,"href":"http:\/\/drevotvarka.cz\/index.php?rest_route=\/wp\/v2\/pages\/428\/revisions"}],"predecessor-version":[{"id":434,"href":"http:\/\/drevotvarka.cz\/index.php?rest_route=\/wp\/v2\/pages\/428\/revisions\/434"}],"wp:attachment":[{"href":"http:\/\/drevotvarka.cz\/index.php?rest_route=%2Fwp%2Fv2%2Fmedia&parent=428"}],"curies":[{"name":"wp","href":"https:\/\/api.w.org\/{rel}","templated":true}]}}